{"id":2376,"date":"2024-12-16T03:24:52","date_gmt":"2024-12-16T03:24:52","guid":{"rendered":"https:\/\/admin.nazca.co\/contato\/ofereca-seu-terreno\/"},"modified":"2024-12-16T03:24:52","modified_gmt":"2024-12-16T03:24:52","slug":"ofereca-seu-terreno","status":"publish","type":"page","link":"https:\/\/admin.nazca.co\/en\/contato\/ofereca-seu-terreno\/","title":{"rendered":"Ofere\u00e7a seu Terreno"},"content":{"rendered":"","protected":false},"excerpt":{"rendered":"","protected":false},"author":1,"featured_media":0,"parent":2371,"menu_order":0,"comment_status":"closed","ping_status":"closed","template":"","meta":{"_acf_changed":false},"class_list":["post-2376","page","type-page","status-publish","hentry"],"acf":[],"yoast_head":"<!-- This site is optimized with the Yoast SEO plugin v24.0 - https:\/\/yoast.com\/wordpress\/plugins\/seo\/ -->\n<title>Ofere\u00e7a seu Terreno - Admin | Nazca<\/title>\n<meta name=\"robots\" content=\"noindex, follow, max-snippet:-1, max-image-preview:large, max-video-preview:-1\" \/>\n<meta property=\"og:locale\" content=\"en_US\" \/>\n<meta property=\"og:type\" content=\"article\" \/>\n<meta property=\"og:title\" content=\"Ofere\u00e7a seu Terreno - Admin | Nazca\" \/>\n<meta property=\"og:url\" content=\"https:\/\/admin.nazca.co\/en\/contato\/ofereca-seu-terreno\/\" \/>\n<meta property=\"og:site_name\" content=\"Admin | Nazca\" \/>\n<meta name=\"twitter:card\" content=\"summary_large_image\" \/>\n<script type=\"application\/ld+json\" class=\"yoast-schema-graph\">{\"@context\":\"https:\/\/schema.org\",\"@graph\":[{\"@type\":\"WebPage\",\"@id\":\"https:\/\/admin.nazca.co\/en\/contato\/ofereca-seu-terreno\/\",\"url\":\"https:\/\/admin.nazca.co\/en\/contato\/ofereca-seu-terreno\/\",\"name\":\"Ofere\u00e7a seu Terreno - Admin | Nazca\",\"isPartOf\":{\"@id\":\"https:\/\/admin.nazca.co\/en\/#website\"},\"datePublished\":\"2024-12-16T03:24:52+00:00\",\"dateModified\":\"2024-12-16T03:24:52+00:00\",\"breadcrumb\":{\"@id\":\"https:\/\/admin.nazca.co\/en\/contato\/ofereca-seu-terreno\/#breadcrumb\"},\"inLanguage\":\"en-US\",\"potentialAction\":[{\"@type\":\"ReadAction\",\"target\":[\"https:\/\/admin.nazca.co\/en\/contato\/ofereca-seu-terreno\/\"]}]},{\"@type\":\"BreadcrumbList\",\"@id\":\"https:\/\/admin.nazca.co\/en\/contato\/ofereca-seu-terreno\/#breadcrumb\",\"itemListElement\":[{\"@type\":\"ListItem\",\"position\":1,\"name\":\"In\u00edcio\",\"item\":\"https:\/\/admin.nazca.co\/en\/\"},{\"@type\":\"ListItem\",\"position\":2,\"name\":\"Contato\",\"item\":\"https:\/\/admin.nazca.co\/en\/contato\/\"},{\"@type\":\"ListItem\",\"position\":3,\"name\":\"Ofere\u00e7a seu Terreno\"}]},{\"@type\":\"WebSite\",\"@id\":\"https:\/\/admin.nazca.co\/en\/#website\",\"url\":\"https:\/\/admin.nazca.co\/en\/\",\"name\":\"Admin | Nazca\",\"description\":\"A Nazca, localizada em Vit\u00f3ria, \u00e9 especialista em estrutura\u00e7\u00e3o empresarial, intelig\u00eancia, desenvolvimento e gest\u00e3o de neg\u00f3cios imobili\u00e1rios.\",\"potentialAction\":[{\"@type\":\"SearchAction\",\"target\":{\"@type\":\"EntryPoint\",\"urlTemplate\":\"https:\/\/admin.nazca.co\/en\/?s={search_term_string}\"},\"query-input\":{\"@type\":\"PropertyValueSpecification\",\"valueRequired\":true,\"valueName\":\"search_term_string\"}}],\"inLanguage\":\"en-US\"}]}<\/script>\n<!-- \/ Yoast SEO plugin. -->","yoast_head_json":{"title":"Ofere\u00e7a seu Terreno - Admin | Nazca","robots":{"index":"noindex","follow":"follow","max-snippet":"max-snippet:-1","max-image-preview":"max-image-preview:large","max-video-preview":"max-video-preview:-1"},"og_locale":"en_US","og_type":"article","og_title":"Ofere\u00e7a seu Terreno - Admin | Nazca","og_url":"https:\/\/admin.nazca.co\/en\/contato\/ofereca-seu-terreno\/","og_site_name":"Admin | Nazca","twitter_card":"summary_large_image","schema":{"@context":"https:\/\/schema.org","@graph":[{"@type":"WebPage","@id":"https:\/\/admin.nazca.co\/en\/contato\/ofereca-seu-terreno\/","url":"https:\/\/admin.nazca.co\/en\/contato\/ofereca-seu-terreno\/","name":"Ofere\u00e7a seu Terreno - Admin | Nazca","isPartOf":{"@id":"https:\/\/admin.nazca.co\/en\/#website"},"datePublished":"2024-12-16T03:24:52+00:00","dateModified":"2024-12-16T03:24:52+00:00","breadcrumb":{"@id":"https:\/\/admin.nazca.co\/en\/contato\/ofereca-seu-terreno\/#breadcrumb"},"inLanguage":"en-US","potentialAction":[{"@type":"ReadAction","target":["https:\/\/admin.nazca.co\/en\/contato\/ofereca-seu-terreno\/"]}]},{"@type":"BreadcrumbList","@id":"https:\/\/admin.nazca.co\/en\/contato\/ofereca-seu-terreno\/#breadcrumb","itemListElement":[{"@type":"ListItem","position":1,"name":"In\u00edcio","item":"https:\/\/admin.nazca.co\/en\/"},{"@type":"ListItem","position":2,"name":"Contato","item":"https:\/\/admin.nazca.co\/en\/contato\/"},{"@type":"ListItem","position":3,"name":"Ofere\u00e7a seu Terreno"}]},{"@type":"WebSite","@id":"https:\/\/admin.nazca.co\/en\/#website","url":"https:\/\/admin.nazca.co\/en\/","name":"Admin | Nazca","description":"A Nazca, localizada em Vit\u00f3ria, \u00e9 especialista em estrutura\u00e7\u00e3o empresarial, intelig\u00eancia, desenvolvimento e gest\u00e3o de neg\u00f3cios imobili\u00e1rios.","potentialAction":[{"@type":"SearchAction","target":{"@type":"EntryPoint","urlTemplate":"https:\/\/admin.nazca.co\/en\/?s={search_term_string}"},"query-input":{"@type":"PropertyValueSpecification","valueRequired":true,"valueName":"search_term_string"}}],"inLanguage":"en-US"}]}},"_links":{"self":[{"href":"https:\/\/admin.nazca.co\/en\/wp-json\/wp\/v2\/pages\/2376","targetHints":{"allow":["GET"]}}],"collection":[{"href":"https:\/\/admin.nazca.co\/en\/wp-json\/wp\/v2\/pages"}],"about":[{"href":"https:\/\/admin.nazca.co\/en\/wp-json\/wp\/v2\/types\/page"}],"author":[{"embeddable":true,"href":"https:\/\/admin.nazca.co\/en\/wp-json\/wp\/v2\/users\/1"}],"replies":[{"embeddable":true,"href":"https:\/\/admin.nazca.co\/en\/wp-json\/wp\/v2\/comments?post=2376"}],"version-history":[{"count":0,"href":"https:\/\/admin.nazca.co\/en\/wp-json\/wp\/v2\/pages\/2376\/revisions"}],"up":[{"embeddable":true,"href":"https:\/\/admin.nazca.co\/en\/wp-json\/wp\/v2\/pages\/2371"}],"wp:attachment":[{"href":"https:\/\/admin.nazca.co\/en\/wp-json\/wp\/v2\/media?parent=2376"}],"curies":[{"name":"wp","href":"https:\/\/api.w.org\/{rel}","templated":true}]}}